{"id":71,"date":"2024-08-02T11:39:13","date_gmt":"2024-08-02T09:39:13","guid":{"rendered":"https:\/\/\/soda-en\/?page_id=71"},"modified":"2025-11-07T17:20:54","modified_gmt":"2025-11-07T16:20:54","slug":"about","status":"publish","type":"page","link":"https:\/\/sodafilm.de\/de\/about\/","title":{"rendered":"\u00dcber soda.film"},"content":{"rendered":"\n<p>Hi! Wir sind soda.film - eine Filmproduktions-Firma und Social Entrepreneurs aus Berlin. W\u00e4hrend du uns kennenlernst, wirst du mit einigen interessanten Themen in Ber\u00fchrung kommen: <a href=\"#pt_social\">Social Business<\/a>, <a href=\"#pt_bridges\">Transmedia<\/a>, <a href=\"https:\/\/sodafilm.de\/crowdfunding\">Crowdfundig<\/a>, <a href=\"#pt_internet\">Internet-Videos<\/a>, unserer ber\u00fchmten <a href=\"#pt_stages\">'Stufen-Struktur'<\/a> - und am Ende der Seite wirst du alles wissen \u00fcber<\/p>\n\n\n\n<p><strong>Unsere Definition von #social #transmedia #storytelling. \ud83d\ude42<\/strong><\/p>\n\n\n\n<p><strong>Soda<\/strong> -<\/p>\n\n\n\n<p>im Prinzip die Fusion von Wasser und Luft, im metaphysischen Sinne die Vereinigung der (scheinbar) unvereinbaren Gegenpole Gef\u00fchl und Verstand. Als Grundbaustein von Dynamit erm\u00f6glicht Soda dessen <strong>sichere Handhabung<\/strong> und als Bestandteil von Glas sorgt es f\u00fcr <strong>Durchblick<\/strong>. Soda ist <strong>prickelnd und erfrischend<\/strong>.<\/p>\n\n\n\n<figure class=\"wp-block-embed is-type-video is-provider-vimeo wp-block-embed-vimeo wp-embed-aspect-16-9 wp-has-aspect-ratio is-style-frame\"><div class=\"wp-block-embed__wrapper\">\n<iframe loading=\"lazy\" title=\"soda.reel 2011\" src=\"https:\/\/player.vimeo.com\/video\/19038306?dnt=1&amp;app_id=122963\" width=\"500\" height=\"281\" frameborder=\"0\" allow=\"autoplay; fullscreen; picture-in-picture; clipboard-write\"><\/iframe>\n<\/div><\/figure>\n\n\n\n<p>Manifest<\/p>\n\n\n\n<p>Die Formel und das erkl\u00e4rte Ziel von <strong>soda.film<\/strong> ist es, mutig philosophische und bewegend gef\u00fchlvolle Filme zu machen, die ein gro\u00dfes Publikum ansprechen... Filme, die den zu eng gewordenen Rahmen vielleicht nicht sprengen, aber zumindest lockern werden.<br>Wir wollen Routinen und Traditionen hinterfragen, aber nicht das Rad neu erfinden.<\/p>\n\n\n\n<p>Kurz:<\/p>\n\n\n\n<p><strong>soda.film<\/strong> steht f\u00fcr eine sichere Handhabung schwieriger Themen, f\u00fcr Aufkl\u00e4rung und Durchblick, f\u00fcr soziale Verantwortung!<\/p>\n\n\n\n<h3 class=\"wp-block-heading\">Wir FILMEN den (sozialen) Wandel,<br>den wir uns w\u00fcnschen in der Welt! \ud83d\ude42<\/h3>\n\n\n\n<p>Wir von <strong>soda.film<\/strong> drehen Filme \u00fcber Menschen, soziale Themen oder realisieren soziale Projekte. Als 'Social Enterprise' liegt unser Fokus nicht auf Profit (wir 'd\u00fcrfen' aber welchen machen). Wir wollen als Unternehmen Verantwortung tragen und einen Beitrag leisten zur Mitgestaltung unserer Gesellschaft, bzw. andere (Unternehmen, Organisationen...) bei ihrer sozialen Mission unterst\u00fctzen. Alle Gewinne verbleiben im Unternehmen und werden in die Produktion weiterer sozialer Film-Projekte gesteckt.<\/p>\n\n\n\n<figure class=\"wp-block-gallery has-nested-images columns-default is-cropped wp-block-gallery-1 is-layout-flex wp-block-gallery-is-layout-flex\">\n<figure class=\"wp-block-image size-large is-style-frame\"><a href=\"https:\/\/\/soda-de\/wp-content\/uploads\/sites\/18\/test-123.jpg\"><img loading=\"lazy\" decoding=\"async\" width=\"640\" height=\"360\" data-id=\"65\" src=\"https:\/\/\/soda-de\/wp-content\/uploads\/sites\/18\/test-123.jpg\" alt=\"\" class=\"wp-image-65\" srcset=\"\/de\/wp-content\/uploads\/sites\/18\/test-123.jpg 640w, \/de\/wp-content\/uploads\/sites\/18\/test-123-384x216.jpg 384w, \/de\/wp-content\/uploads\/sites\/18\/test-123-256x144.jpg 256w, \/de\/wp-content\/uploads\/sites\/18\/test-123-512x288.jpg 512w\" sizes=\"auto, (max-width: 600px) 100vw, (max-width: 924px) 45vw, 26.5625rem\" \/><\/a><figcaption class=\"wp-caption-text systemfont grey\"> <span class=\"image-license small grey\">[\u00a9]<\/span><\/figcaption><\/figure>\n\n\n\n<figure class=\"wp-block-image size-large is-style-frame\"><a href=\"https:\/\/\/soda-de\/wp-content\/uploads\/sites\/18\/Claudia-Pikey-2.waifu2x-2x_none.jpg\"><img loading=\"lazy\" decoding=\"async\" width=\"1024\" height=\"576\" data-id=\"31\" src=\"https:\/\/\/soda-de\/wp-content\/uploads\/sites\/18\/Claudia-Pikey-2.waifu2x-2x_none-1024x576.jpg\" alt=\"\" class=\"wp-image-31\" srcset=\"\/de\/wp-content\/uploads\/sites\/18\/Claudia-Pikey-2.waifu2x-2x_none-1024x576.jpg 1024w, \/de\/wp-content\/uploads\/sites\/18\/Claudia-Pikey-2.waifu2x-2x_none-1536x864.jpg 1536w, \/de\/wp-content\/uploads\/sites\/18\/Claudia-Pikey-2.waifu2x-2x_none-384x216.jpg 384w, \/de\/wp-content\/uploads\/sites\/18\/Claudia-Pikey-2.waifu2x-2x_none-768x432.jpg 768w, \/de\/wp-content\/uploads\/sites\/18\/Claudia-Pikey-2.waifu2x-2x_none-256x144.jpg 256w, \/de\/wp-content\/uploads\/sites\/18\/Claudia-Pikey-2.waifu2x-2x_none-512x288.jpg 512w, \/de\/wp-content\/uploads\/sites\/18\/Claudia-Pikey-2.waifu2x-2x_none.jpg 2048w\" sizes=\"auto, (max-width: 924px) 100vw, 54.6875rem\" \/><\/a><figcaption class=\"wp-caption-text systemfont grey\"> <span class=\"image-license small grey\">[\u00a9]<\/span><\/figcaption><\/figure>\n\n\n\n<figure class=\"wp-block-image size-large is-style-frame\"><a href=\"https:\/\/\/soda-de\/wp-content\/uploads\/sites\/18\/beautiful-but-dead-1.jpg\"><img loading=\"lazy\" decoding=\"async\" width=\"640\" height=\"360\" data-id=\"68\" src=\"https:\/\/\/soda-de\/wp-content\/uploads\/sites\/18\/beautiful-but-dead-1.jpg\" alt=\"\" class=\"wp-image-68\" srcset=\"\/de\/wp-content\/uploads\/sites\/18\/beautiful-but-dead-1.jpg 640w, \/de\/wp-content\/uploads\/sites\/18\/beautiful-but-dead-1-384x216.jpg 384w, \/de\/wp-content\/uploads\/sites\/18\/beautiful-but-dead-1-256x144.jpg 256w, \/de\/wp-content\/uploads\/sites\/18\/beautiful-but-dead-1-512x288.jpg 512w\" sizes=\"auto, (max-width: 600px) 100vw, (max-width: 924px) 45vw, 26.5625rem\" \/><\/a><figcaption class=\"wp-caption-text systemfont grey\"> <span class=\"image-license small grey\">[\u00a9]<\/span><\/figcaption><\/figure>\n<\/figure>\n\n\n\n<p>Dabei geht es uns aber NICHT nur darum, \u00dcBER soziale Themen zu berichten, sondern tats\u00e4chlich auch soziale Projekte zu realisieren - mit einem Film als Endergebnis und richtig echtem Impakt.<\/p>\n\n\n\n<p>Social Entrepreneurship?<\/p>\n\n\n\n<p>\u2192 Im Prinzip die Verschmelzung zweier (scheinbar unvereinbarer) Konzepte: <em>soziale Verantwortung<\/em> und <em>Unternehmertum<\/em>. Miteinander kombiniert ergibt es:<\/p>\n\n\n\n<p><strong>'unternehmerisch handeln zum Wohle der Gesellschaft'.<\/strong><\/p>\n\n\n\n<figure class=\"wp-block-gallery has-nested-images columns-default is-cropped wp-block-gallery-2 is-layout-flex wp-block-gallery-is-layout-flex\">\n<figure class=\"wp-block-image size-medium is-style-frame\"><a href=\"https:\/\/\/soda-de\/wp-content\/uploads\/sites\/18\/Earth-from-space-4k.jpg\"><img loading=\"lazy\" decoding=\"async\" width=\"384\" height=\"216\" data-id=\"73\" src=\"https:\/\/\/soda-de\/wp-content\/uploads\/sites\/18\/Earth-from-space-4k-384x216.jpg\" alt=\"\" class=\"wp-image-73\" srcset=\"\/de\/wp-content\/uploads\/sites\/18\/Earth-from-space-4k-384x216.jpg 384w, \/de\/wp-content\/uploads\/sites\/18\/Earth-from-space-4k-1536x864.jpg 1536w, \/de\/wp-content\/uploads\/sites\/18\/Earth-from-space-4k-768x432.jpg 768w, \/de\/wp-content\/uploads\/sites\/18\/Earth-from-space-4k-1024x576.jpg 1024w, \/de\/wp-content\/uploads\/sites\/18\/Earth-from-space-4k-256x144.jpg 256w, \/de\/wp-content\/uploads\/sites\/18\/Earth-from-space-4k-512x288.jpg 512w\" sizes=\"auto, (max-width: 600px) 100vw, (max-width: 924px) 33vw, 17.1875rem\" \/><\/a><figcaption class=\"wp-element-caption\">Photo by <a href=\"https:\/\/unsplash.com\/@vimal_saran?utm_content=creditCopyText&amp;utm_medium=referral&amp;utm_source=unsplash\">Vimal S<\/a> on <a href=\"https:\/\/unsplash.com\/photos\/a-planet-with-clouds-and-water-GBg3jyGS-Ug?utm_content=creditCopyText&amp;utm_medium=referral&amp;utm_source=unsplash\">Unsplash<\/a> <span class=\"image-license small grey\">[\u00a9]<\/span><\/figcaption><\/figure>\n\n\n\n<figure class=\"wp-block-image size-medium is-style-frame\"><a href=\"https:\/\/\/soda-de\/wp-content\/uploads\/sites\/18\/425962_R_K_by_Susann-G._pixelio.de_-1024x682-1.jpg\"><img loading=\"lazy\" decoding=\"async\" width=\"384\" height=\"216\" data-id=\"72\" src=\"https:\/\/\/soda-de\/wp-content\/uploads\/sites\/18\/425962_R_K_by_Susann-G._pixelio.de_-1024x682-1-384x216.jpg\" alt=\"\" class=\"wp-image-72\" srcset=\"\/de\/wp-content\/uploads\/sites\/18\/425962_R_K_by_Susann-G._pixelio.de_-1024x682-1-384x216.jpg 384w, \/de\/wp-content\/uploads\/sites\/18\/425962_R_K_by_Susann-G._pixelio.de_-1024x682-1-768x432.jpg 768w, \/de\/wp-content\/uploads\/sites\/18\/425962_R_K_by_Susann-G._pixelio.de_-1024x682-1-256x144.jpg 256w, \/de\/wp-content\/uploads\/sites\/18\/425962_R_K_by_Susann-G._pixelio.de_-1024x682-1-512x288.jpg 512w, \/de\/wp-content\/uploads\/sites\/18\/425962_R_K_by_Susann-G._pixelio.de_-1024x682-1.jpg 1024w\" sizes=\"auto, (max-width: 600px) 100vw, (max-width: 924px) 33vw, 17.1875rem\" \/><\/a><figcaption class=\"wp-element-caption\">Photo by <a href=\"http:\/\/www.pixelio.de\" target=\"_blank\" rel=\"noreferrer noopener\">\u00a9 Susann G. \/ PIXELIO<\/a> <span class=\"image-license small grey\">[\u00a9]<\/span><\/figcaption><\/figure>\n<\/figure>\n\n\n\n<p><strong>Klingt alles ziemlich theoretisch? Hier ist ein 'Praktisches Beispiel'.<\/strong><\/p>\n\n\n\n<p>Br\u00fccken zwischen Welten!<\/p>\n\n\n\n<p>Web 2.0, Social Media, Mobile Entertainment\u2026 t\u00e4glich revolutionieren neue Technologien die Medienbranche. Man wei\u00df gar nicht, auf welchen Zug man zuerst aufspringen soll, denn schon morgen kann alles wieder veraltet sein. Und wer auf zu vielen Hochzeiten tanzt, ger\u00e4t allzu schnell au\u00dfer Atem.<\/p>\n\n\n\n<p>Darum springen wir von <strong>soda.film<\/strong> nicht auf fahrende Z\u00fcge auf, sondern errichten Bahnh\u00f6fe an Knotenpunkten. Knotenpunkte sind von jeher kulturell und wirtschaftlich interessant! Dort n\u00e4mlich - am Knotenpunkt zwischen verschiedenen Richtungen - entsteht etwas Neues\u2026 eine Verbindung von vorher Fremdem\u2026<\/p>\n\n\n\n<p><strong>Br\u00fccken zwischen Welten!<\/strong><\/p>\n\n\n\n<figure class=\"wp-block-gallery has-nested-images columns-default is-cropped wp-block-gallery-3 is-layout-flex wp-block-gallery-is-layout-flex\">\n<figure class=\"wp-block-image size-medium is-style-frame\"><a href=\"https:\/\/\/soda-de\/wp-content\/uploads\/sites\/18\/13-stages-title.jpg\"><img loading=\"lazy\" decoding=\"async\" width=\"384\" height=\"216\" data-id=\"76\" src=\"https:\/\/\/soda-de\/wp-content\/uploads\/sites\/18\/13-stages-title-384x216.jpg\" alt=\"\" class=\"wp-image-76\" srcset=\"\/de\/wp-content\/uploads\/sites\/18\/13-stages-title-384x216.jpg 384w, \/de\/wp-content\/uploads\/sites\/18\/13-stages-title-768x432.jpg 768w, \/de\/wp-content\/uploads\/sites\/18\/13-stages-title-256x144.jpg 256w, \/de\/wp-content\/uploads\/sites\/18\/13-stages-title-512x288.jpg 512w, \/de\/wp-content\/uploads\/sites\/18\/13-stages-title.jpg 800w\" sizes=\"auto, (max-width: 600px) 100vw, (max-width: 924px) 33vw, 17.1875rem\" \/><\/a><figcaption class=\"wp-caption-text systemfont grey\"> <span class=\"image-license small grey\">[\u00a9]<\/span><\/figcaption><\/figure>\n\n\n\n<figure class=\"wp-block-image size-medium is-style-frame\"><a href=\"https:\/\/\/soda-de\/wp-content\/uploads\/sites\/18\/7-stufen-comic-2k.jpg\"><img loading=\"lazy\" decoding=\"async\" width=\"384\" height=\"216\" data-id=\"75\" src=\"https:\/\/\/soda-de\/wp-content\/uploads\/sites\/18\/7-stufen-comic-2k-384x216.jpg\" alt=\"\" class=\"wp-image-75\" srcset=\"\/de\/wp-content\/uploads\/sites\/18\/7-stufen-comic-2k-384x216.jpg 384w, \/de\/wp-content\/uploads\/sites\/18\/7-stufen-comic-2k-1536x864.jpg 1536w, \/de\/wp-content\/uploads\/sites\/18\/7-stufen-comic-2k-768x432.jpg 768w, \/de\/wp-content\/uploads\/sites\/18\/7-stufen-comic-2k-1024x576.jpg 1024w, \/de\/wp-content\/uploads\/sites\/18\/7-stufen-comic-2k-256x144.jpg 256w, \/de\/wp-content\/uploads\/sites\/18\/7-stufen-comic-2k-512x288.jpg 512w\" sizes=\"auto, (max-width: 600px) 100vw, (max-width: 924px) 33vw, 17.1875rem\" \/><\/a><figcaption class=\"wp-caption-text systemfont grey\"> <span class=\"image-license small grey\">[\u00a9]<\/span><\/figcaption><\/figure>\n\n\n\n<figure class=\"wp-block-image size-medium is-style-frame\"><a href=\"https:\/\/\/soda-de\/wp-content\/uploads\/sites\/18\/10617526903_89d439a723_o.jpg\"><img loading=\"lazy\" decoding=\"async\" width=\"384\" height=\"216\" data-id=\"77\" src=\"https:\/\/\/soda-de\/wp-content\/uploads\/sites\/18\/10617526903_89d439a723_o-384x216.jpg\" alt=\"\" class=\"wp-image-77\" srcset=\"\/de\/wp-content\/uploads\/sites\/18\/10617526903_89d439a723_o-384x216.jpg 384w, \/de\/wp-content\/uploads\/sites\/18\/10617526903_89d439a723_o-256x144.jpg 256w, \/de\/wp-content\/uploads\/sites\/18\/10617526903_89d439a723_o-512x288.jpg 512w, \/de\/wp-content\/uploads\/sites\/18\/10617526903_89d439a723_o.jpg 555w\" sizes=\"auto, (max-width: 600px) 100vw, (max-width: 924px) 33vw, 17.1875rem\" \/><\/a><figcaption class=\"wp-caption-text systemfont grey\"> <span class=\"image-license small grey\">[\u00a9]<\/span><\/figcaption><\/figure>\n<\/figure>\n","protected":false},"excerpt":{"rendered":"<p>Wir von soda.film entwickeln und realisieren verschiedene Film-Formate \u00fcber sozial(kritisch)e Themen und mit gesellschaftlichem Impakt.<\/p>\n","protected":false},"author":1,"featured_media":80,"parent":0,"menu_order":0,"comment_status":"closed","ping_status":"closed","template":"","meta":{"footnotes":""},"class_list":["post-71","page","type-page","status-publish","has-post-thumbnail","hentry"],"_links":{"self":[{"href":"https:\/\/sodafilm.de\/de\/wp-json\/wp\/v2\/pages\/71","targetHints":{"allow":["GET"]}}],"collection":[{"href":"https:\/\/sodafilm.de\/de\/wp-json\/wp\/v2\/pages"}],"about":[{"href":"https:\/\/sodafilm.de\/de\/wp-json\/wp\/v2\/types\/page"}],"author":[{"embeddable":true,"href":"https:\/\/sodafilm.de\/de\/wp-json\/wp\/v2\/users\/1"}],"replies":[{"embeddable":true,"href":"https:\/\/sodafilm.de\/de\/wp-json\/wp\/v2\/comments?post=71"}],"version-history":[{"count":3,"href":"https:\/\/sodafilm.de\/de\/wp-json\/wp\/v2\/pages\/71\/revisions"}],"predecessor-version":[{"id":189,"href":"https:\/\/sodafilm.de\/de\/wp-json\/wp\/v2\/pages\/71\/revisions\/189"}],"wp:featuredmedia":[{"embeddable":true,"href":"https:\/\/sodafilm.de\/de\/wp-json\/wp\/v2\/media\/80"}],"wp:attachment":[{"href":"https:\/\/sodafilm.de\/de\/wp-json\/wp\/v2\/media?parent=71"}],"curies":[{"name":"wp","href":"https:\/\/api.w.org\/{rel}","templated":true}]}}